{"id":5,"date":"2015-11-18T14:34:35","date_gmt":"2015-11-18T05:34:35","guid":{"rendered":"http:\/\/mcdx.heteml.jp\/novajika\/?page_id=5"},"modified":"2019-05-28T15:38:19","modified_gmt":"2019-05-28T06:38:19","slug":"media","status":"publish","type":"page","link":"https:\/\/www.novajika.com\/es\/media\/","title":{"rendered":"Medios de comunicaci\u00f3n"},"content":{"rendered":"<section>\n<p class=\"content-description\">En Novajika coordinamos todo tipo de proyectos siempre asistidos eficientemente por un staff que domina la lengua local.<\/p>\n<\/section>\n<section class=\"content-section\">\n<h3 class=\"content-title\">Coordinaci\u00f3n<\/h3>\n<p class=\"content-description\">Ofrecemos apoyo para televisi\u00f3n, prensa escrita y mass media. Desde noticias, documentales y temas de actualidad hasta deportes, cultura y variedades.<\/p>\n<\/section>\n<section class=\"content-section\">\n<h3 class=\"content-title\">Publicidad, PV y cat\u00e1logos<\/h3>\n<p class=\"content-description\">Elaboraci\u00f3n de spots publicitarios, cat\u00e1logos y videos promocionales. Adem\u00e1s de la coordinaci\u00f3n, ofrecemos apoyo en la producci\u00f3n (Alquiler de equipo, casting, catering, motor home, etc.).<\/p>\n<\/section>\n<section class=\"content-section\">\n<h3 class=\"content-title\">Proyectos coordinados<\/h3>\n<\/section>\n<section class=\"content-section\">\n<h3 class=\"content-title\">En Novajika encontrar\u00e1<\/h3>\n<\/section>\n<section class=\"content-section\">\n<h3 class=\"content-title\">Seguridad<\/h3>\n<p class=\"content-description\">Soporte dual a pie de calle y desde oficina para uno o varios proyectos.<\/p>\n<\/section>\n<section class=\"content-section\">\n<h3 class=\"content-title\">Equipos ENG<\/h3>\n<p class=\"content-description\">Disponemos de equipos ENG para cuando usted no pueda estar presente.<\/p>\n<\/section>\n<section class=\"content-section\">\n<h3 class=\"content-title\">Dinamismo<\/h3>\n<p class=\"content-description\">Soporte inmediato en toda la pen\u00ednsula gracias a nuestra extensa red de contactos y colaboradores.<\/p>\n<\/section>\n<section class=\"content-section\">\n<h3 class=\"content-title\">Asistencia t\u00e9cnica<\/h3>\n<p class=\"content-description\">Asistencia para env\u00edo de im\u00e1genes, cambios de formato, conexiones en directo etc.<\/p>\n<\/section>\n<section class=\"content-section\">\n<h3 class=\"content-title\">Financiaci\u00f3n a medida<\/h3>\n<p class=\"content-description\">Elaboramos un plan que se ajuste a su presupuesto.<\/p>\n<\/section>\n<section class=\"content-section\">\n<h3 class=\"content-title\">Idioma<\/h3>\n<p class=\"content-description\">Coordinadores con un amplio abanico de idiomas. Disponibles tambi\u00e9n servicios de traducci\u00f3n e interpretaci\u00f3n.<\/p>\n<\/section>\n<section class=\"content-section\">\n<h3 class=\"content-title\">Equipo humano<\/h3>\n<p class=\"content-description\">Nuestro staff est\u00e1 compuesto por japoneses y locales. Asistencia en castellano, japon\u00e9s e ingl\u00e9s.<\/p>\n<\/section>\n<section class=\"content-section\">\n<h3 class=\"content-title\">Alquiler de m\u00f3dems y tel\u00e9fonos<\/h3>\n<p class=\"content-description\">Disponemos de servicio de alquiler de m\u00f3dems 4G y tel\u00e9fonos m\u00f3viles.<\/p>\n<\/section>\n<section class=\"content-section\">\n<h3 class=\"content-title\">Investigaci\u00f3n y traducci\u00f3n<\/h3>\n<p class=\"content-description\">Amplia red de traductores e investigadores dispuestos por toda la pen\u00ednsula. Capacidad para aceptar encargos especializados y grandes vol\u00famenes de trabajo.<\/p>\n<\/section>\n","protected":false},"excerpt":{"rendered":"<p>En Novajika coordinamos todo tipo de proyectos siempre asistidos eficientemente por un staff que domina la lengua local. Coordinaci\u00f3n Ofrecemos apoyo para televisi\u00f3n, prensa escrita y mass media. Desde noticias, documentales y temas de actualidad hasta deportes, cultura y variedades. Publicidad, PV y cat\u00e1logos Elaboraci\u00f3n de spots publicitarios, cat\u00e1logos y videos promocionales. Adem\u00e1s de la coordinaci\u00f3n, ofrecemos apoyo en la producci\u00f3n (Alquiler de equipo, casting, catering, motor home, etc.). Proyectos coordinados En Novajika encontrar\u00e1 Seguridad Soporte dual a pie de calle y desde oficina para uno o varios proyectos. Equipos ENG Disponemos de equipos ENG para cuando usted no pueda estar presente. Dinamismo Soporte inmediato en toda la pen\u00ednsula gracias&#8230;  <a class=\"excerpt-read-more\" href=\"https:\/\/www.novajika.com\/es\/media\/\" title=\"Read Medios de comunicaci\u00f3n\">Leer m\u00e1s &raquo;<\/a><\/p>\n","protected":false},"author":1,"featured_media":0,"parent":0,"menu_order":4,"comment_status":"closed","ping_status":"closed","template":"","meta":{"footnotes":""},"aioseo_notices":[],"_links":{"self":[{"href":"https:\/\/www.novajika.com\/es\/wp-json\/wp\/v2\/pages\/5"}],"collection":[{"href":"https:\/\/www.novajika.com\/es\/wp-json\/wp\/v2\/pages"}],"about":[{"href":"https:\/\/www.novajika.com\/es\/wp-json\/wp\/v2\/types\/page"}],"author":[{"embeddable":true,"href":"https:\/\/www.novajika.com\/es\/wp-json\/wp\/v2\/users\/1"}],"replies":[{"embeddable":true,"href":"https:\/\/www.novajika.com\/es\/wp-json\/wp\/v2\/comments?post=5"}],"version-history":[{"count":19,"href":"https:\/\/www.novajika.com\/es\/wp-json\/wp\/v2\/pages\/5\/revisions"}],"predecessor-version":[{"id":1443,"href":"https:\/\/www.novajika.com\/es\/wp-json\/wp\/v2\/pages\/5\/revisions\/1443"}],"wp:attachment":[{"href":"https:\/\/www.novajika.com\/es\/wp-json\/wp\/v2\/media?parent=5"}],"curies":[{"name":"wp","href":"https:\/\/api.w.org\/{rel}","templated":true}]}}