{"id":11,"date":"2015-11-18T14:35:55","date_gmt":"2015-11-18T05:35:55","guid":{"rendered":"http:\/\/mcdx.heteml.jp\/novajika\/?page_id=11"},"modified":"2019-05-28T15:12:59","modified_gmt":"2019-05-28T06:12:59","slug":"abouts","status":"publish","type":"page","link":"https:\/\/www.novajika.com\/es\/abouts\/","title":{"rendered":"Qui\u00e9nes somos"},"content":{"rendered":"<section>\n<p>Desde nuestras sedes en Barcelona, Madrid y Tokio, en Novajika llevamos desde 1996 dedic\u00e1ndonos a la coordinaci\u00f3n de proyectos entre Espa\u00f1a y Jap\u00f3n.<\/p>\n<p>Nuestro equipo humano conformado por espa\u00f1oles y japoneses, se adapta a las necesidades de cada cliente para ayudar a gestionar con la m\u00e1xima eficiencia su<br \/>\nproyecto de negocio.<\/p>\n<p>Adem\u00e1s, nuestra experiencia y nuestro conocimiento del \u00e1rea, nos permite gestionar con mayor eficacia las relaciones comerciales adapt\u00e1ndolas a la realidad de cada pa\u00eds.<\/p>\n<p>En pocas palabras, en Novajika nos gusta hacer de puente entre oriente y occidente para unir personas a trav\u00e9s de proyectos.<\/p>\n<\/section>\n","protected":false},"excerpt":{"rendered":"<p>Desde nuestras sedes en Barcelona, Madrid y Tokio, en Novajika llevamos desde 1996 dedic\u00e1ndonos a la coordinaci\u00f3n de proyectos entre Espa\u00f1a y Jap\u00f3n. Nuestro equipo humano conformado por espa\u00f1oles y japoneses, se adapta a las necesidades de cada cliente para ayudar a gestionar con la m\u00e1xima eficiencia su proyecto de negocio. Adem\u00e1s, nuestra experiencia y nuestro conocimiento del \u00e1rea, nos permite gestionar con mayor eficacia las relaciones comerciales adapt\u00e1ndolas a la realidad de cada pa\u00eds. En pocas palabras, en Novajika nos gusta hacer de puente entre oriente y occidente para unir personas a trav\u00e9s de proyectos.<\/p>\n","protected":false},"author":1,"featured_media":0,"parent":0,"menu_order":2,"comment_status":"closed","ping_status":"closed","template":"","meta":{"footnotes":""},"aioseo_notices":[],"_links":{"self":[{"href":"https:\/\/www.novajika.com\/es\/wp-json\/wp\/v2\/pages\/11"}],"collection":[{"href":"https:\/\/www.novajika.com\/es\/wp-json\/wp\/v2\/pages"}],"about":[{"href":"https:\/\/www.novajika.com\/es\/wp-json\/wp\/v2\/types\/page"}],"author":[{"embeddable":true,"href":"https:\/\/www.novajika.com\/es\/wp-json\/wp\/v2\/users\/1"}],"replies":[{"embeddable":true,"href":"https:\/\/www.novajika.com\/es\/wp-json\/wp\/v2\/comments?post=11"}],"version-history":[{"count":7,"href":"https:\/\/www.novajika.com\/es\/wp-json\/wp\/v2\/pages\/11\/revisions"}],"predecessor-version":[{"id":1439,"href":"https:\/\/www.novajika.com\/es\/wp-json\/wp\/v2\/pages\/11\/revisions\/1439"}],"wp:attachment":[{"href":"https:\/\/www.novajika.com\/es\/wp-json\/wp\/v2\/media?parent=11"}],"curies":[{"name":"wp","href":"https:\/\/api.w.org\/{rel}","templated":true}]}}